{"id":9120,"date":"2025-03-01T05:58:20","date_gmt":"2025-03-01T05:58:20","guid":{"rendered":"https:\/\/demo.awaikenthemes.com\/roast\/?page_id=9120"},"modified":"2026-01-29T12:53:47","modified_gmt":"2026-01-29T12:53:47","slug":"franchise","status":"publish","type":"page","link":"https:\/\/baffcoffee.com\/index.php\/franchise\/","title":{"rendered":"Franch\u0131se"},"content":{"rendered":"\t\t<div data-elementor-type=\"wp-page\" data-elementor-id=\"9120\" class=\"elementor elementor-9120\">\n\t\t\t\t<div data-ekitparallax=\"{&quot;ekit_section_parallax_bg&quot;:&quot;yes&quot;,&quot;ekit_section_parallax_bg_speed&quot;:0.5,&quot;elementor_lazy_load&quot;:&quot;1&quot;}\" class=\"elementor-element elementor-element-afd3794 e-flex e-con-boxed e-con e-parent\" data-id=\"afd3794\" data-element_type=\"container\" data-settings=\"{&quot;background_background&quot;:&quot;classic&quot;}\">\n\t\t\t\t\t<div class=\"e-con-inner\">\n\t\t<div class=\"elementor-element elementor-element-2b636fb e-con-full e-flex e-con e-child\" data-id=\"2b636fb\" data-element_type=\"container\">\n\t\t\t\t<div class=\"elementor-element elementor-element-436b818 at-heading-animation at-animation-heading-style-3 elementor-widget elementor-widget-heading\" data-id=\"436b818\" data-element_type=\"widget\" data-settings=\"{&quot;ekit_we_effect_on&quot;:&quot;none&quot;}\" data-widget_type=\"heading.default\">\n\t\t\t\t<div class=\"elementor-widget-container\">\n\t\t\t\t\t<h1 class=\"elementor-heading-title elementor-size-default\">Franchise<\/h1>\t\t\t\t<\/div>\n\t\t\t\t<\/div>\n\t\t\t\t<div class=\"elementor-element elementor-element-38aa0ca page-header-breadcrumbs elementor-invisible elementor-widget elementor-widget-elementskit-breadcrumb\" data-id=\"38aa0ca\" data-element_type=\"widget\" data-settings=\"{&quot;_animation&quot;:&quot;fadeInUp&quot;,&quot;ekit_we_effect_on&quot;:&quot;none&quot;}\" data-widget_type=\"elementskit-breadcrumb.default\">\n\t\t\t\t<div class=\"elementor-widget-container\">\n\t\t\t\t\t<div class=\"ekit-wid-con\" ><ol class=\"ekit-breadcrumb\"><li class=\"ekit_breadcrumbs_start\"><a href=\"https:\/\/baffcoffee.com\">Home<\/a><\/li><\/ol><\/div>\t\t\t\t<\/div>\n\t\t\t\t<\/div>\n\t\t\t\t<\/div>\n\t\t\t\t\t<\/div>\n\t\t\t\t<\/div>\n\t\t<div class=\"elementor-element elementor-element-2e84c91 e-con-full e-flex e-con e-parent\" data-id=\"2e84c91\" data-element_type=\"container\">\n\t\t<div class=\"elementor-element elementor-element-82e4b15 e-con-full e-flex e-con e-child\" data-id=\"82e4b15\" data-element_type=\"container\" data-settings=\"{&quot;background_background&quot;:&quot;classic&quot;}\">\n\t\t\t\t<div class=\"elementor-element elementor-element-2a6f290 our-scrolling-ticker  ticker-position-left elementor-widget elementor-widget-elementskit-content-ticker\" data-id=\"2a6f290\" data-element_type=\"widget\" data-settings=\"{&quot;ekit_we_effect_on&quot;:&quot;none&quot;}\" data-widget_type=\"elementskit-content-ticker.default\">\n\t\t\t\t<div class=\"elementor-widget-container\">\n\t\t\t\t\t<div class=\"ekit-wid-con\" >\n\t\t<div id=\"content-ticker-2a6f290\" class=\"ekit-content-ticker-wrapper\" data-content-settings=\"{&quot;type&quot;:&quot;content_ticker&quot;,&quot;settingOptions&quot;:{&quot;tickerSpeed&quot;:50,&quot;tickerDirection&quot;:null,&quot;tickerEffect&quot;:&quot;marquee&quot;,&quot;tickerAutoPlay&quot;:null,&quot;tickerDelay&quot;:3,&quot;tickerReverseDirection&quot;:&quot;&quot;,&quot;tickerGapBetween&quot;:&quot;&quot;,&quot;tickerGrabCursor&quot;:null}}\">\n\t\t\t<div class=\"ekit-content-items\">\n\t\t\t\t\t\t\t\t\t<div class=\"ticker ekitMarqueeSwiper ekit-marquee\">\n\t\t\t\t\t\t<div class=\"marquee-wrapper\">\n\t\t\t\t\t\t\t\t\t\t<div class=\"elementor-repeater-item-b523a08 ekit-marquee-item ticker-item\">\n\t\t\t\t<img decoding=\"async\" width=\"30\" height=\"30\" src=\"https:\/\/baffcoffee.com\/wp-content\/uploads\/2025\/01\/charm_north-star.png\" class=\"attachment-full size-full wp-image-373\" alt=\"\" \/> \n\t\t\t\t<div class=\"ekit-title-and-description\">\n\t\t\t\t\t<a >ESPRESSO<\/a>\n\t\t\t\t\t\t\t\t\t<\/div>\n\t\t\t<\/div>\n\t\t\t\t\t<div class=\"elementor-repeater-item-d467887 ekit-marquee-item ticker-item\">\n\t\t\t\t<img decoding=\"async\" width=\"30\" height=\"30\" src=\"https:\/\/baffcoffee.com\/wp-content\/uploads\/2025\/01\/charm_north-star.png\" class=\"attachment-full size-full wp-image-373\" alt=\"\" \/> \n\t\t\t\t<div class=\"ekit-title-and-description\">\n\t\t\t\t\t<a >AMERICANO<\/a>\n\t\t\t\t\t\t\t\t\t<\/div>\n\t\t\t<\/div>\n\t\t\t\t\t<div class=\"elementor-repeater-item-21e3bf8 ekit-marquee-item ticker-item\">\n\t\t\t\t<img decoding=\"async\" width=\"30\" height=\"30\" src=\"https:\/\/baffcoffee.com\/wp-content\/uploads\/2025\/01\/charm_north-star.png\" class=\"attachment-full size-full wp-image-373\" alt=\"\" \/> \n\t\t\t\t<div class=\"ekit-title-and-description\">\n\t\t\t\t\t<a >LATTE<\/a>\n\t\t\t\t\t\t\t\t\t<\/div>\n\t\t\t<\/div>\n\t\t\t\t\t<div class=\"elementor-repeater-item-dceeb85 ekit-marquee-item ticker-item\">\n\t\t\t\t<img decoding=\"async\" width=\"30\" height=\"30\" src=\"https:\/\/baffcoffee.com\/wp-content\/uploads\/2025\/01\/charm_north-star.png\" class=\"attachment-full size-full wp-image-373\" alt=\"\" \/> \n\t\t\t\t<div class=\"ekit-title-and-description\">\n\t\t\t\t\t<a >CAPPUCCINO<\/a>\n\t\t\t\t\t\t\t\t\t<\/div>\n\t\t\t<\/div>\n\t\t\t\t\t<div class=\"elementor-repeater-item-041ac3f ekit-marquee-item ticker-item\">\n\t\t\t\t<img decoding=\"async\" width=\"30\" height=\"30\" src=\"https:\/\/baffcoffee.com\/wp-content\/uploads\/2025\/01\/charm_north-star.png\" class=\"attachment-full size-full wp-image-373\" alt=\"\" \/> \n\t\t\t\t<div class=\"ekit-title-and-description\">\n\t\t\t\t\t<a >MOCHA<\/a>\n\t\t\t\t\t\t\t\t\t<\/div>\n\t\t\t<\/div>\n\t\t\t\t\t<div class=\"elementor-repeater-item-8e3676a ekit-marquee-item ticker-item\">\n\t\t\t\t<img decoding=\"async\" width=\"30\" height=\"30\" src=\"https:\/\/baffcoffee.com\/wp-content\/uploads\/2025\/01\/charm_north-star.png\" class=\"attachment-full size-full wp-image-373\" alt=\"\" \/> \n\t\t\t\t<div class=\"ekit-title-and-description\">\n\t\t\t\t\t<a >MACCHIATO<\/a>\n\t\t\t\t\t\t\t\t\t<\/div>\n\t\t\t<\/div>\n\t\t\t\t\t<div class=\"elementor-repeater-item-6e9bffc ekit-marquee-item ticker-item\">\n\t\t\t\t<img decoding=\"async\" width=\"30\" height=\"30\" src=\"https:\/\/baffcoffee.com\/wp-content\/uploads\/2025\/01\/charm_north-star.png\" class=\"attachment-full size-full wp-image-373\" alt=\"\" \/> \n\t\t\t\t<div class=\"ekit-title-and-description\">\n\t\t\t\t\t<a >COLD BREW<\/a>\n\t\t\t\t\t\t\t\t\t<\/div>\n\t\t\t<\/div>\n\t\t\t\t\t<div class=\"elementor-repeater-item-c89dd16 ekit-marquee-item ticker-item\">\n\t\t\t\t<img decoding=\"async\" width=\"30\" height=\"30\" src=\"https:\/\/baffcoffee.com\/wp-content\/uploads\/2025\/01\/charm_north-star.png\" class=\"attachment-full size-full wp-image-373\" alt=\"\" \/> \n\t\t\t\t<div class=\"ekit-title-and-description\">\n\t\t\t\t\t<a >ESPRESSO<\/a>\n\t\t\t\t\t\t\t\t\t<\/div>\n\t\t\t<\/div>\n\t\t\t\t\t<div class=\"elementor-repeater-item-3cbc970 ekit-marquee-item ticker-item\">\n\t\t\t\t<img decoding=\"async\" width=\"30\" height=\"30\" src=\"https:\/\/baffcoffee.com\/wp-content\/uploads\/2025\/01\/charm_north-star.png\" class=\"attachment-full size-full wp-image-373\" alt=\"\" \/> \n\t\t\t\t<div class=\"ekit-title-and-description\">\n\t\t\t\t\t<a >AMERICANO<\/a>\n\t\t\t\t\t\t\t\t\t<\/div>\n\t\t\t<\/div>\n\t\t\t\t\t<div class=\"elementor-repeater-item-a44376a ekit-marquee-item ticker-item\">\n\t\t\t\t<img decoding=\"async\" width=\"30\" height=\"30\" src=\"https:\/\/baffcoffee.com\/wp-content\/uploads\/2025\/01\/charm_north-star.png\" class=\"attachment-full size-full wp-image-373\" alt=\"\" \/> \n\t\t\t\t<div class=\"ekit-title-and-description\">\n\t\t\t\t\t<a >LATTE<\/a>\n\t\t\t\t\t\t\t\t\t<\/div>\n\t\t\t<\/div>\n\t\t\t\t\t<div class=\"elementor-repeater-item-cc68a6a ekit-marquee-item ticker-item\">\n\t\t\t\t<img decoding=\"async\" width=\"30\" height=\"30\" src=\"https:\/\/baffcoffee.com\/wp-content\/uploads\/2025\/01\/charm_north-star.png\" class=\"attachment-full size-full wp-image-373\" alt=\"\" \/> \n\t\t\t\t<div class=\"ekit-title-and-description\">\n\t\t\t\t\t<a >CAPPUCCINO<\/a>\n\t\t\t\t\t\t\t\t\t<\/div>\n\t\t\t<\/div>\n\t\t\t\t\t<div class=\"elementor-repeater-item-3513fab ekit-marquee-item ticker-item\">\n\t\t\t\t<img decoding=\"async\" width=\"30\" height=\"30\" src=\"https:\/\/baffcoffee.com\/wp-content\/uploads\/2025\/01\/charm_north-star.png\" class=\"attachment-full size-full wp-image-373\" alt=\"\" \/> \n\t\t\t\t<div class=\"ekit-title-and-description\">\n\t\t\t\t\t<a >MOCHA<\/a>\n\t\t\t\t\t\t\t\t\t<\/div>\n\t\t\t<\/div>\n\t\t\t\t\t<div class=\"elementor-repeater-item-93b5e2d ekit-marquee-item ticker-item\">\n\t\t\t\t<img decoding=\"async\" width=\"30\" height=\"30\" src=\"https:\/\/baffcoffee.com\/wp-content\/uploads\/2025\/01\/charm_north-star.png\" class=\"attachment-full size-full wp-image-373\" alt=\"\" \/> \n\t\t\t\t<div class=\"ekit-title-and-description\">\n\t\t\t\t\t<a >MACCHIATO<\/a>\n\t\t\t\t\t\t\t\t\t<\/div>\n\t\t\t<\/div>\n\t\t\t\t\t<div class=\"elementor-repeater-item-72f66da ekit-marquee-item ticker-item\">\n\t\t\t\t<img decoding=\"async\" width=\"30\" height=\"30\" src=\"https:\/\/baffcoffee.com\/wp-content\/uploads\/2025\/01\/charm_north-star.png\" class=\"attachment-full size-full wp-image-373\" alt=\"\" \/> \n\t\t\t\t<div class=\"ekit-title-and-description\">\n\t\t\t\t\t<a >COLD BREW<\/a>\n\t\t\t\t\t\t\t\t\t<\/div>\n\t\t\t<\/div>\n\t\t\t\t\t\t\t\t<\/div>\n\t\t\t\t\t<\/div>\n\t\t\t\t\t\t\t<\/div>\n\t\t<\/div>\n\t\t<\/div>\t\t\t\t<\/div>\n\t\t\t\t<\/div>\n\t\t\t\t<\/div>\n\t\t\t\t<\/div>\n\t\t<div class=\"elementor-element elementor-element-829214a e-flex e-con-boxed e-con e-parent\" data-id=\"829214a\" data-element_type=\"container\">\n\t\t\t\t\t<div class=\"e-con-inner\">\n\t\t<div class=\"elementor-element elementor-element-8b05284 e-con-full e-flex e-con e-child\" data-id=\"8b05284\" data-element_type=\"container\">\n\t\t\t\t<div class=\"elementor-element elementor-element-8ce720f at-shiny-glass-effect book-table-image at-image-animation at-animation-image-style-1 elementor-widget elementor-widget-image\" data-id=\"8ce720f\" data-element_type=\"widget\" data-settings=\"{&quot;ekit_we_effect_on&quot;:&quot;none&quot;}\" data-widget_type=\"image.default\">\n\t\t\t\t<div class=\"elementor-widget-container\">\n\t\t\t\t\t\t\t\t\t\t\t\t\t\t\t<img fetchpriority=\"high\" decoding=\"async\" width=\"1247\" height=\"2560\" src=\"https:\/\/baffcoffee.com\/wp-content\/uploads\/2025\/12\/Untitled-24948-scaled.jpg\" class=\"attachment-full size-full wp-image-11685\" alt=\"\" srcset=\"https:\/\/baffcoffee.com\/wp-content\/uploads\/2025\/12\/Untitled-24948-scaled.jpg 1247w, https:\/\/baffcoffee.com\/wp-content\/uploads\/2025\/12\/Untitled-24948-146x300.jpg 146w, https:\/\/baffcoffee.com\/wp-content\/uploads\/2025\/12\/Untitled-24948-499x1024.jpg 499w, https:\/\/baffcoffee.com\/wp-content\/uploads\/2025\/12\/Untitled-24948-768x1577.jpg 768w, https:\/\/baffcoffee.com\/wp-content\/uploads\/2025\/12\/Untitled-24948-748x1536.jpg 748w, https:\/\/baffcoffee.com\/wp-content\/uploads\/2025\/12\/Untitled-24948-997x2048.jpg 997w\" sizes=\"(max-width: 1247px) 100vw, 1247px\" \/>\t\t\t\t\t\t\t\t\t\t\t\t\t\t\t<\/div>\n\t\t\t\t<\/div>\n\t\t\t\t<\/div>\n\t\t<div class=\"elementor-element elementor-element-f33f91f e-con-full e-flex e-con e-child\" data-id=\"f33f91f\" data-element_type=\"container\">\n\t\t\t\t<div class=\"elementor-element elementor-element-563c2ba section-title at-heading-animation at-animation-heading-none elementor-invisible elementor-widget elementor-widget-heading\" data-id=\"563c2ba\" data-element_type=\"widget\" data-settings=\"{&quot;_animation&quot;:&quot;fadeInUp&quot;,&quot;ekit_we_effect_on&quot;:&quot;none&quot;}\" data-widget_type=\"heading.default\">\n\t\t\t\t<div class=\"elementor-widget-container\">\n\t\t\t\t\t<h2 class=\"elementor-heading-title elementor-size-default\">Franchise Ba\u015fvuru<\/h2>\t\t\t\t<\/div>\n\t\t\t\t<\/div>\n\t\t\t\t<div class=\"elementor-element elementor-element-3d589aa at-heading-animation at-animation-heading-style-3 elementor-widget elementor-widget-heading\" data-id=\"3d589aa\" data-element_type=\"widget\" data-settings=\"{&quot;ekit_we_effect_on&quot;:&quot;none&quot;}\" data-widget_type=\"heading.default\">\n\t\t\t\t<div class=\"elementor-widget-container\">\n\t\t\t\t\t<h2 class=\"elementor-heading-title elementor-size-default\">Franchise Ba\u015fvuru<\/h2>\t\t\t\t<\/div>\n\t\t\t\t<\/div>\n\t\t\t\t<div class=\"elementor-element elementor-element-6c1125c elementor-invisible elementor-widget elementor-widget-text-editor\" data-id=\"6c1125c\" data-element_type=\"widget\" data-settings=\"{&quot;_animation&quot;:&quot;fadeInUp&quot;,&quot;_animation_delay&quot;:100,&quot;ekit_we_effect_on&quot;:&quot;none&quot;}\" data-widget_type=\"text-editor.default\">\n\t\t\t\t<div class=\"elementor-widget-container\">\n\t\t\t\t\t\t\t\t\t<p>BAFF Coffee; premium \u00fcr\u00fcn kalitesi, g\u00fc\u00e7l\u00fc marka kimli\u011fi ve s\u00fcrd\u00fcr\u00fclebilir i\u015f modeliyle b\u00fcy\u00fcmeye devam ediyor.<br data-start=\"652\" data-end=\"655\" \/>Markam\u0131z\u0131 temsil edecek, vizyonumuzu payla\u015facak i\u015f ortaklar\u0131yla uzun vadeli bir i\u015f birli\u011fi hedefliyoruz.<\/p>\t\t\t\t\t\t\t\t<\/div>\n\t\t\t\t<\/div>\n\t\t\t\t<div class=\"elementor-element elementor-element-29ed2be elementor-invisible elementor-widget elementor-widget-text-editor\" data-id=\"29ed2be\" data-element_type=\"widget\" data-settings=\"{&quot;_animation&quot;:&quot;fadeInUp&quot;,&quot;_animation_delay&quot;:100,&quot;ekit_we_effect_on&quot;:&quot;none&quot;}\" data-widget_type=\"text-editor.default\">\n\t\t\t\t<div class=\"elementor-widget-container\">\n\t\t\t\t\t\t\t\t\t<p>Franchise ba\u015fvuru s\u00fcrecimiz, ba\u015fvurular\u0131n de\u011ferlendirilmesi ve uygun lokasyon analizleriyle ilerler.<br data-start=\"1116\" data-end=\"1119\" \/>A\u015fa\u011f\u0131daki formu eksiksiz doldurman\u0131z, s\u00fcrecin daha sa\u011fl\u0131kl\u0131 ilerlemesini sa\u011flar.<\/p>\t\t\t\t\t\t\t\t<\/div>\n\t\t\t\t<\/div>\n\t\t\t\t<div class=\"elementor-element elementor-element-8c55c16 booking-a-table-form elementor-invisible elementor-widget elementor-widget-elementskit-contact-form7\" data-id=\"8c55c16\" data-element_type=\"widget\" data-settings=\"{&quot;_animation&quot;:&quot;fadeInUp&quot;,&quot;_animation_delay&quot;:300,&quot;ekit_we_effect_on&quot;:&quot;none&quot;}\" data-widget_type=\"elementskit-contact-form7.default\">\n\t\t\t\t<div class=\"elementor-widget-container\">\n\t\t\t\t\t<div class=\"ekit-wid-con\" ><div class=\"ekit-form\">\n<div class=\"wpcf7 no-js\" id=\"wpcf7-f9183-o1\" lang=\"en-US\" dir=\"ltr\" data-wpcf7-id=\"9183\">\n<div class=\"screen-reader-response\"><p role=\"status\" aria-live=\"polite\" aria-atomic=\"true\"><\/p> <ul><\/ul><\/div>\n<form action=\"\/index.php\/wp-json\/wp\/v2\/pages\/9120#wpcf7-f9183-o1\" method=\"post\" class=\"wpcf7-form init\" aria-label=\"Contact form\" novalidate=\"novalidate\" data-status=\"init\">\n<fieldset class=\"hidden-fields-container\"><input type=\"hidden\" name=\"_wpcf7\" value=\"9183\" \/><input type=\"hidden\" name=\"_wpcf7_version\" value=\"6.1.4\" \/><input type=\"hidden\" name=\"_wpcf7_locale\" value=\"en_US\" \/><input type=\"hidden\" name=\"_wpcf7_unit_tag\" value=\"wpcf7-f9183-o1\" \/><input type=\"hidden\" name=\"_wpcf7_container_post\" value=\"0\" \/><input type=\"hidden\" name=\"_wpcf7_posted_data_hash\" value=\"\" \/>\n<\/fieldset>\n<div class=\"row\">\n\t<div class=\"form-group col-md-6 mb-5\">\n\t\t<p><span class=\"wpcf7-form-control-wrap\" data-name=\"full-name\"><input size=\"40\" maxlength=\"400\" class=\"wpcf7-form-control wpcf7-text wpcf7-validates-as-required form-control\" aria-required=\"true\" aria-invalid=\"false\" placeholder=\"Ad Soyad\" value=\"\" type=\"text\" name=\"full-name\" \/><\/span>\n\t\t<\/p>\n\t<\/div>\n\t<div class=\"form-group col-md-6 mb-5\">\n\t\t<p><span class=\"wpcf7-form-control-wrap\" data-name=\"phone\"><input size=\"40\" maxlength=\"400\" class=\"wpcf7-form-control wpcf7-tel wpcf7-validates-as-required wpcf7-text wpcf7-validates-as-tel form-control\" aria-required=\"true\" aria-invalid=\"false\" placeholder=\"Telefon Numaras\u0131\" value=\"\" type=\"tel\" name=\"phone\" \/><\/span>\n\t\t<\/p>\n\t<\/div>\n\t<div class=\"form-group col-md-6 mb-5\">\n\t\t<p><span class=\"wpcf7-form-control-wrap\" data-name=\"email\"><input size=\"40\" maxlength=\"400\" class=\"wpcf7-form-control wpcf7-email wpcf7-validates-as-required wpcf7-text wpcf7-validates-as-email form-control\" aria-required=\"true\" aria-invalid=\"false\" placeholder=\"E-posta Adresi\" value=\"\" type=\"email\" name=\"email\" \/><\/span>\n\t\t<\/p>\n\t<\/div>\n\t<div class=\"form-group col-md-6 mb-5\">\n\t\t<p><span class=\"wpcf7-form-control-wrap\" data-name=\"city\"><input size=\"40\" maxlength=\"400\" class=\"wpcf7-form-control wpcf7-text wpcf7-validates-as-required form-control\" aria-required=\"true\" aria-invalid=\"false\" placeholder=\"\u015eehir\" value=\"\" type=\"text\" name=\"city\" \/><\/span>\n\t\t<\/p>\n\t<\/div>\n\t<div class=\"form-group col-md-12 mb-5\">\n\t\t<p><span class=\"wpcf7-form-control-wrap\" data-name=\"location\"><input size=\"40\" maxlength=\"400\" class=\"wpcf7-form-control wpcf7-text wpcf7-validates-as-required form-control\" aria-required=\"true\" aria-invalid=\"false\" placeholder=\"Planlanan Lokasyon (Cadde \/ AVM \/ \u0130l\u00e7e)\" value=\"\" type=\"text\" name=\"location\" \/><\/span>\n\t\t<\/p>\n\t<\/div>\n\t<div class=\"form-group col-md-12 mb-5\">\n\t\t<p><span class=\"wpcf7-form-control-wrap\" data-name=\"investment\"><select class=\"wpcf7-form-control wpcf7-select wpcf7-validates-as-required form-control\" aria-required=\"true\" aria-invalid=\"false\" name=\"investment\"><option value=\"\">Yat\u0131r\u0131m B\u00fct\u00e7esi<\/option><option value=\"1 \u2013 2 Milyon TL\">1 \u2013 2 Milyon TL<\/option><option value=\"2 \u2013 3 Milyon TL\">2 \u2013 3 Milyon TL<\/option><option value=\"3 Milyon TL ve \u00fczeri\">3 Milyon TL ve \u00fczeri<\/option><\/select><\/span>\n\t\t<\/p>\n\t<\/div>\n\t<div class=\"form-group col-md-12 mb-5\">\n\t\t<p><span class=\"wpcf7-form-control-wrap\" data-name=\"message\"><textarea cols=\"40\" rows=\"10\" maxlength=\"2000\" class=\"wpcf7-form-control wpcf7-textarea form-control\" aria-invalid=\"false\" placeholder=\"Eklemek istedikleriniz\" name=\"message\"><\/textarea><\/span>\n\t\t<\/p>\n\t<\/div>\n\t<div class=\"col-md-12 form-btn\">\n\t\t<p><input class=\"wpcf7-form-control wpcf7-submit has-spinner btn-default\" type=\"submit\" value=\"Franchise Ba\u015fvurusu G\u00f6nder\" \/>\n\t\t<\/p>\n\t<\/div>\n<\/div><div class=\"wpcf7-response-output\" aria-hidden=\"true\"><\/div>\n<\/form>\n<\/div>\n<\/div><\/div>\t\t\t\t<\/div>\n\t\t\t\t<\/div>\n\t\t\t\t<\/div>\n\t\t\t\t\t<\/div>\n\t\t\t\t<\/div>\n\t\t\t\t<\/div>\n\t\t","protected":false},"excerpt":{"rendered":"<p>Franchise Home ESPRESSO AMERICANO LATTE CAPPUCCINO MOCHA MACCHIATO COLD BREW ESPRESSO AMERICANO [&hellip;]<\/p>\n","protected":false},"author":1,"featured_media":0,"parent":0,"menu_order":0,"comment_status":"closed","ping_status":"closed","template":"elementor_header_footer","meta":{"footnotes":""},"class_list":["post-9120","page","type-page","status-publish","hentry"],"_links":{"self":[{"href":"https:\/\/baffcoffee.com\/index.php\/wp-json\/wp\/v2\/pages\/9120","targetHints":{"allow":["GET"]}}],"collection":[{"href":"https:\/\/baffcoffee.com\/index.php\/wp-json\/wp\/v2\/pages"}],"about":[{"href":"https:\/\/baffcoffee.com\/index.php\/wp-json\/wp\/v2\/types\/page"}],"author":[{"embeddable":true,"href":"https:\/\/baffcoffee.com\/index.php\/wp-json\/wp\/v2\/users\/1"}],"replies":[{"embeddable":true,"href":"https:\/\/baffcoffee.com\/index.php\/wp-json\/wp\/v2\/comments?post=9120"}],"version-history":[{"count":11,"href":"https:\/\/baffcoffee.com\/index.php\/wp-json\/wp\/v2\/pages\/9120\/revisions"}],"predecessor-version":[{"id":11922,"href":"https:\/\/baffcoffee.com\/index.php\/wp-json\/wp\/v2\/pages\/9120\/revisions\/11922"}],"wp:attachment":[{"href":"https:\/\/baffcoffee.com\/index.php\/wp-json\/wp\/v2\/media?parent=9120"}],"curies":[{"name":"wp","href":"https:\/\/api.w.org\/{rel}","templated":true}]}}