{"id":6675,"date":"2025-02-27T08:58:53","date_gmt":"2025-02-27T08:58:53","guid":{"rendered":"https:\/\/demo.awaikenthemes.com\/roast\/?page_id=6675"},"modified":"2025-12-17T13:33:24","modified_gmt":"2025-12-17T13:33:24","slug":"sss","status":"publish","type":"page","link":"https:\/\/baffcoffee.com\/index.php\/sss\/","title":{"rendered":"SSS"},"content":{"rendered":"\t\t<div data-elementor-type=\"wp-page\" data-elementor-id=\"6675\" class=\"elementor elementor-6675\">\n\t\t\t\t<div data-ekitparallax=\"{&quot;ekit_section_parallax_bg&quot;:&quot;yes&quot;,&quot;ekit_section_parallax_bg_speed&quot;:0.5,&quot;elementor_lazy_load&quot;:&quot;1&quot;}\" class=\"elementor-element elementor-element-65bebcd e-flex e-con-boxed e-con e-parent\" data-id=\"65bebcd\" data-element_type=\"container\" data-settings=\"{&quot;background_background&quot;:&quot;classic&quot;}\">\n\t\t\t\t\t<div class=\"e-con-inner\">\n\t\t<div class=\"elementor-element elementor-element-5c0818b e-con-full e-flex e-con e-child\" data-id=\"5c0818b\" data-element_type=\"container\">\n\t\t\t\t<div class=\"elementor-element elementor-element-7847d88 at-heading-animation at-animation-heading-style-3 elementor-widget elementor-widget-heading\" data-id=\"7847d88\" data-element_type=\"widget\" data-settings=\"{&quot;ekit_we_effect_on&quot;:&quot;none&quot;}\" data-widget_type=\"heading.default\">\n\t\t\t\t<div class=\"elementor-widget-container\">\n\t\t\t\t\t<h1 class=\"elementor-heading-title elementor-size-default\">S\u0131k\u00e7a Sorulan Sorular<\/h1>\t\t\t\t<\/div>\n\t\t\t\t<\/div>\n\t\t\t\t<div class=\"elementor-element elementor-element-5a40ccf page-header-breadcrumbs elementor-invisible elementor-widget elementor-widget-elementskit-breadcrumb\" data-id=\"5a40ccf\" data-element_type=\"widget\" data-settings=\"{&quot;_animation&quot;:&quot;fadeInUp&quot;,&quot;ekit_we_effect_on&quot;:&quot;none&quot;}\" data-widget_type=\"elementskit-breadcrumb.default\">\n\t\t\t\t<div class=\"elementor-widget-container\">\n\t\t\t\t\t<div class=\"ekit-wid-con\" ><ol class=\"ekit-breadcrumb\"><li class=\"ekit_breadcrumbs_start\"><a href=\"https:\/\/baffcoffee.com\">Home<\/a><\/li><\/ol><\/div>\t\t\t\t<\/div>\n\t\t\t\t<\/div>\n\t\t\t\t<\/div>\n\t\t\t\t\t<\/div>\n\t\t\t\t<\/div>\n\t\t<div class=\"elementor-element elementor-element-3bcd1f3 e-con-full e-flex e-con e-parent\" data-id=\"3bcd1f3\" data-element_type=\"container\">\n\t\t<div class=\"elementor-element elementor-element-14459d6 e-con-full e-flex e-con e-child\" data-id=\"14459d6\" data-element_type=\"container\" data-settings=\"{&quot;background_background&quot;:&quot;classic&quot;}\">\n\t\t\t\t<div class=\"elementor-element elementor-element-6b716a8 our-scrolling-ticker  ticker-position-left elementor-widget elementor-widget-elementskit-content-ticker\" data-id=\"6b716a8\" data-element_type=\"widget\" data-settings=\"{&quot;ekit_we_effect_on&quot;:&quot;none&quot;}\" data-widget_type=\"elementskit-content-ticker.default\">\n\t\t\t\t<div class=\"elementor-widget-container\">\n\t\t\t\t\t<div class=\"ekit-wid-con\" >\n\t\t<div id=\"content-ticker-6b716a8\" class=\"ekit-content-ticker-wrapper\" data-content-settings=\"{&quot;type&quot;:&quot;content_ticker&quot;,&quot;settingOptions&quot;:{&quot;tickerSpeed&quot;:50,&quot;tickerDirection&quot;:null,&quot;tickerEffect&quot;:&quot;marquee&quot;,&quot;tickerAutoPlay&quot;:null,&quot;tickerDelay&quot;:3,&quot;tickerReverseDirection&quot;:&quot;&quot;,&quot;tickerGapBetween&quot;:&quot;&quot;,&quot;tickerGrabCursor&quot;:null}}\">\n\t\t\t<div class=\"ekit-content-items\">\n\t\t\t\t\t\t\t\t\t<div class=\"ticker ekitMarqueeSwiper ekit-marquee\">\n\t\t\t\t\t\t<div class=\"marquee-wrapper\">\n\t\t\t\t\t\t\t\t\t\t<div class=\"elementor-repeater-item-b523a08 ekit-marquee-item ticker-item\">\n\t\t\t\t<img decoding=\"async\" width=\"30\" height=\"30\" src=\"https:\/\/baffcoffee.com\/wp-content\/uploads\/2025\/01\/charm_north-star.png\" class=\"attachment-full size-full wp-image-373\" alt=\"\" \/> \n\t\t\t\t<div class=\"ekit-title-and-description\">\n\t\t\t\t\t<a >ESPRESSO<\/a>\n\t\t\t\t\t\t\t\t\t<\/div>\n\t\t\t<\/div>\n\t\t\t\t\t<div class=\"elementor-repeater-item-d467887 ekit-marquee-item ticker-item\">\n\t\t\t\t<img decoding=\"async\" width=\"30\" height=\"30\" src=\"https:\/\/baffcoffee.com\/wp-content\/uploads\/2025\/01\/charm_north-star.png\" class=\"attachment-full size-full wp-image-373\" alt=\"\" \/> \n\t\t\t\t<div class=\"ekit-title-and-description\">\n\t\t\t\t\t<a >AMERICANO<\/a>\n\t\t\t\t\t\t\t\t\t<\/div>\n\t\t\t<\/div>\n\t\t\t\t\t<div class=\"elementor-repeater-item-21e3bf8 ekit-marquee-item ticker-item\">\n\t\t\t\t<img decoding=\"async\" width=\"30\" height=\"30\" src=\"https:\/\/baffcoffee.com\/wp-content\/uploads\/2025\/01\/charm_north-star.png\" class=\"attachment-full size-full wp-image-373\" alt=\"\" \/> \n\t\t\t\t<div class=\"ekit-title-and-description\">\n\t\t\t\t\t<a >LATTE<\/a>\n\t\t\t\t\t\t\t\t\t<\/div>\n\t\t\t<\/div>\n\t\t\t\t\t<div class=\"elementor-repeater-item-dceeb85 ekit-marquee-item ticker-item\">\n\t\t\t\t<img decoding=\"async\" width=\"30\" height=\"30\" src=\"https:\/\/baffcoffee.com\/wp-content\/uploads\/2025\/01\/charm_north-star.png\" class=\"attachment-full size-full wp-image-373\" alt=\"\" \/> \n\t\t\t\t<div class=\"ekit-title-and-description\">\n\t\t\t\t\t<a >CAPPUCCINO<\/a>\n\t\t\t\t\t\t\t\t\t<\/div>\n\t\t\t<\/div>\n\t\t\t\t\t<div class=\"elementor-repeater-item-041ac3f ekit-marquee-item ticker-item\">\n\t\t\t\t<img decoding=\"async\" width=\"30\" height=\"30\" src=\"https:\/\/baffcoffee.com\/wp-content\/uploads\/2025\/01\/charm_north-star.png\" class=\"attachment-full size-full wp-image-373\" alt=\"\" \/> \n\t\t\t\t<div class=\"ekit-title-and-description\">\n\t\t\t\t\t<a >MOCHA<\/a>\n\t\t\t\t\t\t\t\t\t<\/div>\n\t\t\t<\/div>\n\t\t\t\t\t<div class=\"elementor-repeater-item-8e3676a ekit-marquee-item ticker-item\">\n\t\t\t\t<img decoding=\"async\" width=\"30\" height=\"30\" src=\"https:\/\/baffcoffee.com\/wp-content\/uploads\/2025\/01\/charm_north-star.png\" class=\"attachment-full size-full wp-image-373\" alt=\"\" \/> \n\t\t\t\t<div class=\"ekit-title-and-description\">\n\t\t\t\t\t<a >MACCHIATO<\/a>\n\t\t\t\t\t\t\t\t\t<\/div>\n\t\t\t<\/div>\n\t\t\t\t\t<div class=\"elementor-repeater-item-6e9bffc ekit-marquee-item ticker-item\">\n\t\t\t\t<img decoding=\"async\" width=\"30\" height=\"30\" src=\"https:\/\/baffcoffee.com\/wp-content\/uploads\/2025\/01\/charm_north-star.png\" class=\"attachment-full size-full wp-image-373\" alt=\"\" \/> \n\t\t\t\t<div class=\"ekit-title-and-description\">\n\t\t\t\t\t<a >COLD BREW<\/a>\n\t\t\t\t\t\t\t\t\t<\/div>\n\t\t\t<\/div>\n\t\t\t\t\t<div class=\"elementor-repeater-item-c89dd16 ekit-marquee-item ticker-item\">\n\t\t\t\t<img decoding=\"async\" width=\"30\" height=\"30\" src=\"https:\/\/baffcoffee.com\/wp-content\/uploads\/2025\/01\/charm_north-star.png\" class=\"attachment-full size-full wp-image-373\" alt=\"\" \/> \n\t\t\t\t<div class=\"ekit-title-and-description\">\n\t\t\t\t\t<a >ESPRESSO<\/a>\n\t\t\t\t\t\t\t\t\t<\/div>\n\t\t\t<\/div>\n\t\t\t\t\t<div class=\"elementor-repeater-item-3cbc970 ekit-marquee-item ticker-item\">\n\t\t\t\t<img decoding=\"async\" width=\"30\" height=\"30\" src=\"https:\/\/baffcoffee.com\/wp-content\/uploads\/2025\/01\/charm_north-star.png\" class=\"attachment-full size-full wp-image-373\" alt=\"\" \/> \n\t\t\t\t<div class=\"ekit-title-and-description\">\n\t\t\t\t\t<a >AMERICANO<\/a>\n\t\t\t\t\t\t\t\t\t<\/div>\n\t\t\t<\/div>\n\t\t\t\t\t<div class=\"elementor-repeater-item-a44376a ekit-marquee-item ticker-item\">\n\t\t\t\t<img decoding=\"async\" width=\"30\" height=\"30\" src=\"https:\/\/baffcoffee.com\/wp-content\/uploads\/2025\/01\/charm_north-star.png\" class=\"attachment-full size-full wp-image-373\" alt=\"\" \/> \n\t\t\t\t<div class=\"ekit-title-and-description\">\n\t\t\t\t\t<a >LATTE<\/a>\n\t\t\t\t\t\t\t\t\t<\/div>\n\t\t\t<\/div>\n\t\t\t\t\t<div class=\"elementor-repeater-item-cc68a6a ekit-marquee-item ticker-item\">\n\t\t\t\t<img decoding=\"async\" width=\"30\" height=\"30\" src=\"https:\/\/baffcoffee.com\/wp-content\/uploads\/2025\/01\/charm_north-star.png\" class=\"attachment-full size-full wp-image-373\" alt=\"\" \/> \n\t\t\t\t<div class=\"ekit-title-and-description\">\n\t\t\t\t\t<a >CAPPUCCINO<\/a>\n\t\t\t\t\t\t\t\t\t<\/div>\n\t\t\t<\/div>\n\t\t\t\t\t<div class=\"elementor-repeater-item-3513fab ekit-marquee-item ticker-item\">\n\t\t\t\t<img decoding=\"async\" width=\"30\" height=\"30\" src=\"https:\/\/baffcoffee.com\/wp-content\/uploads\/2025\/01\/charm_north-star.png\" class=\"attachment-full size-full wp-image-373\" alt=\"\" \/> \n\t\t\t\t<div class=\"ekit-title-and-description\">\n\t\t\t\t\t<a >MOCHA<\/a>\n\t\t\t\t\t\t\t\t\t<\/div>\n\t\t\t<\/div>\n\t\t\t\t\t<div class=\"elementor-repeater-item-93b5e2d ekit-marquee-item ticker-item\">\n\t\t\t\t<img decoding=\"async\" width=\"30\" height=\"30\" src=\"https:\/\/baffcoffee.com\/wp-content\/uploads\/2025\/01\/charm_north-star.png\" class=\"attachment-full size-full wp-image-373\" alt=\"\" \/> \n\t\t\t\t<div class=\"ekit-title-and-description\">\n\t\t\t\t\t<a >MACCHIATO<\/a>\n\t\t\t\t\t\t\t\t\t<\/div>\n\t\t\t<\/div>\n\t\t\t\t\t<div class=\"elementor-repeater-item-72f66da ekit-marquee-item ticker-item\">\n\t\t\t\t<img decoding=\"async\" width=\"30\" height=\"30\" src=\"https:\/\/baffcoffee.com\/wp-content\/uploads\/2025\/01\/charm_north-star.png\" class=\"attachment-full size-full wp-image-373\" alt=\"\" \/> \n\t\t\t\t<div class=\"ekit-title-and-description\">\n\t\t\t\t\t<a >COLD BREW<\/a>\n\t\t\t\t\t\t\t\t\t<\/div>\n\t\t\t<\/div>\n\t\t\t\t\t\t\t\t<\/div>\n\t\t\t\t\t<\/div>\n\t\t\t\t\t\t\t<\/div>\n\t\t<\/div>\n\t\t<\/div>\t\t\t\t<\/div>\n\t\t\t\t<\/div>\n\t\t\t\t<\/div>\n\t\t\t\t<\/div>\n\t\t<div class=\"elementor-element elementor-element-df2d6f4 e-flex e-con-boxed e-con e-parent\" data-id=\"df2d6f4\" data-element_type=\"container\">\n\t\t\t\t\t<div class=\"e-con-inner\">\n\t\t<div class=\"elementor-element elementor-element-8e3caf8 e-con-full e-flex e-con e-child\" data-id=\"8e3caf8\" data-element_type=\"container\">\n\t\t<div class=\"elementor-element elementor-element-3b7561d e-con-full e-flex e-con e-child\" data-id=\"3b7561d\" data-element_type=\"container\" id=\"faq-1\">\n\t\t\t\t<div class=\"elementor-element elementor-element-7750833 at-heading-animation at-animation-heading-style-3 elementor-widget elementor-widget-heading\" data-id=\"7750833\" data-element_type=\"widget\" data-settings=\"{&quot;ekit_we_effect_on&quot;:&quot;none&quot;}\" data-widget_type=\"heading.default\">\n\t\t\t\t<div class=\"elementor-widget-container\">\n\t\t\t\t\t<h2 class=\"elementor-heading-title elementor-size-default\">S\u0131k\u00e7a Sorulan Sorular<\/h2>\t\t\t\t<\/div>\n\t\t\t\t<\/div>\n\t\t\t\t<div class=\"elementor-element elementor-element-fa82593 gradient-accordion elementor-invisible elementor-widget elementor-widget-elementskit-accordion\" data-id=\"fa82593\" data-element_type=\"widget\" data-settings=\"{&quot;_animation&quot;:&quot;fadeInUp&quot;,&quot;ekit_we_effect_on&quot;:&quot;none&quot;}\" data-widget_type=\"elementskit-accordion.default\">\n\t\t\t\t<div class=\"elementor-widget-container\">\n\t\t\t\t\t<div class=\"ekit-wid-con\" >\n        <div class=\"elementskit-accordion accoedion-primary\" id=\"accordion-69e4ee86300d6\">\n\n            \n                <div class=\"elementskit-card active\">\n                    <div class=\"elementskit-card-header\" id=\"primaryHeading-0-fa82593\">\n                        <a href=\"#collapse-eafce9769e4ee86300d6\" class=\"ekit-accordion--toggler elementskit-btn-link collapsed\" data-ekit-toggle=\"collapse\" data-target=\"#Collapse-eafce9769e4ee86300d6\" aria-expanded=\"true\" aria-controls=\"Collapse-eafce9769e4ee86300d6\">\n                            \n                            <span class=\"ekit-accordion-title\">BAFF Coffee nedir?<\/span>\n\n                            \n                                <div class=\"ekit_accordion_icon_group\">\n                                    <div class=\"ekit_accordion_normal_icon\">\n                                        <!-- Normal Icon -->\n\t\t\t\t\t\t\t\t\t\t<i class=\"fas fa-plus-circle\"><\/i>                                    <\/div>\n\n                                    <div class=\"ekit_accordion_active_icon\">\n                                        <!-- Active Icon -->\n\t\t\t\t\t\t\t\t\t\t<i class=\"fas fa-minus-circle\"><\/i>                                    <\/div>\n                                <\/div>\n\n                            \n                                                    <\/a>\n                    <\/div>\n\n                    <div id=\"Collapse-eafce9769e4ee86300d6\" class=\" show collapse\" aria-labelledby=\"primaryHeading-0-fa82593\" data-parent=\"#accordion-69e4ee86300d6\">\n\n                        <div class=\"elementskit-card-body ekit-accordion--content\">\n                            <p>BAFF Coffee; nitelikli kahve \u00e7ekirdekleri, \u00f6zenli demleme y\u00f6ntemleri ve premium hizmet anlay\u0131\u015f\u0131yla misafirlerine kaliteli bir kahve deneyimi sunar.<\/p>                        <\/div>\n\n                    <\/div>\n\n                <\/div><!-- .elementskit-card END -->\n\n                \n                <div class=\"elementskit-card \">\n                    <div class=\"elementskit-card-header\" id=\"primaryHeading-1-fa82593\">\n                        <a href=\"#collapse-936983069e4ee86300d6\" class=\"ekit-accordion--toggler elementskit-btn-link collapsed\" data-ekit-toggle=\"collapse\" data-target=\"#Collapse-936983069e4ee86300d6\" aria-expanded=\"false\" aria-controls=\"Collapse-936983069e4ee86300d6\">\n                            \n                            <span class=\"ekit-accordion-title\">Kahveleriniz hangi \u00e7ekirdeklerden haz\u0131rlan\u0131yor?<\/span>\n\n                            \n                                <div class=\"ekit_accordion_icon_group\">\n                                    <div class=\"ekit_accordion_normal_icon\">\n                                        <!-- Normal Icon -->\n\t\t\t\t\t\t\t\t\t\t<i class=\"fas fa-plus-circle\"><\/i>                                    <\/div>\n\n                                    <div class=\"ekit_accordion_active_icon\">\n                                        <!-- Active Icon -->\n\t\t\t\t\t\t\t\t\t\t<i class=\"fas fa-minus-circle\"><\/i>                                    <\/div>\n                                <\/div>\n\n                            \n                                                    <\/a>\n                    <\/div>\n\n                    <div id=\"Collapse-936983069e4ee86300d6\" class=\" collapse\" aria-labelledby=\"primaryHeading-1-fa82593\" data-parent=\"#accordion-69e4ee86300d6\">\n\n                        <div class=\"elementskit-card-body ekit-accordion--content\">\n                            <p>Kahvelerimiz, men\u015fei, rak\u0131m\u0131, i\u015flenme y\u00f6ntemi ve tazeli\u011fi \u00f6zenle se\u00e7ilmi\u015f nitelikli kahve \u00e7ekirdeklerinden haz\u0131rlan\u0131r.<\/p>                        <\/div>\n\n                    <\/div>\n\n                <\/div><!-- .elementskit-card END -->\n\n                \n                <div class=\"elementskit-card \">\n                    <div class=\"elementskit-card-header\" id=\"primaryHeading-2-fa82593\">\n                        <a href=\"#collapse-5a69dbf69e4ee86300d6\" class=\"ekit-accordion--toggler elementskit-btn-link collapsed\" data-ekit-toggle=\"collapse\" data-target=\"#Collapse-5a69dbf69e4ee86300d6\" aria-expanded=\"false\" aria-controls=\"Collapse-5a69dbf69e4ee86300d6\">\n                            \n                            <span class=\"ekit-accordion-title\">Men\u00fc d\u00fczenli olarak yenileniyor mu?<\/span>\n\n                            \n                                <div class=\"ekit_accordion_icon_group\">\n                                    <div class=\"ekit_accordion_normal_icon\">\n                                        <!-- Normal Icon -->\n\t\t\t\t\t\t\t\t\t\t<i class=\"fas fa-plus-circle\"><\/i>                                    <\/div>\n\n                                    <div class=\"ekit_accordion_active_icon\">\n                                        <!-- Active Icon -->\n\t\t\t\t\t\t\t\t\t\t<i class=\"fas fa-minus-circle\"><\/i>                                    <\/div>\n                                <\/div>\n\n                            \n                                                    <\/a>\n                    <\/div>\n\n                    <div id=\"Collapse-5a69dbf69e4ee86300d6\" class=\" collapse\" aria-labelledby=\"primaryHeading-2-fa82593\" data-parent=\"#accordion-69e4ee86300d6\">\n\n                        <div class=\"elementskit-card-body ekit-accordion--content\">\n                            <p>Evet. Men\u00fcm\u00fcz d\u00f6nemsel olarak g\u00fcncellenir ve yeni \u00fcr\u00fcnler eklenir.<\/p>                        <\/div>\n\n                    <\/div>\n\n                <\/div><!-- .elementskit-card END -->\n\n                \n                <div class=\"elementskit-card \">\n                    <div class=\"elementskit-card-header\" id=\"primaryHeading-3-fa82593\">\n                        <a href=\"#collapse-36c1a5569e4ee86300d6\" class=\"ekit-accordion--toggler elementskit-btn-link collapsed\" data-ekit-toggle=\"collapse\" data-target=\"#Collapse-36c1a5569e4ee86300d6\" aria-expanded=\"false\" aria-controls=\"Collapse-36c1a5569e4ee86300d6\">\n                            \n                            <span class=\"ekit-accordion-title\">Paket servis veya gel-al hizmetiniz var m\u0131?<\/span>\n\n                            \n                                <div class=\"ekit_accordion_icon_group\">\n                                    <div class=\"ekit_accordion_normal_icon\">\n                                        <!-- Normal Icon -->\n\t\t\t\t\t\t\t\t\t\t<i class=\"fas fa-plus-circle\"><\/i>                                    <\/div>\n\n                                    <div class=\"ekit_accordion_active_icon\">\n                                        <!-- Active Icon -->\n\t\t\t\t\t\t\t\t\t\t<i class=\"fas fa-minus-circle\"><\/i>                                    <\/div>\n                                <\/div>\n\n                            \n                                                    <\/a>\n                    <\/div>\n\n                    <div id=\"Collapse-36c1a5569e4ee86300d6\" class=\" collapse\" aria-labelledby=\"primaryHeading-3-fa82593\" data-parent=\"#accordion-69e4ee86300d6\">\n\n                        <div class=\"elementskit-card-body ekit-accordion--content\">\n                            <p>Ma\u011fazalar\u0131m\u0131zda gel-al hizmeti sunulmaktad\u0131r. Paket servis hizmeti ma\u011fazaya g\u00f6re de\u011fi\u015fiklik g\u00f6sterebilir.<\/p>                        <\/div>\n\n                    <\/div>\n\n                <\/div><!-- .elementskit-card END -->\n\n                                        <\/div>\n    <\/div>\t\t\t\t<\/div>\n\t\t\t\t<\/div>\n\t\t\t\t<\/div>\n\t\t\t\t<\/div>\n\t\t\t\t\t<\/div>\n\t\t\t\t<\/div>\n\t\t\t\t<\/div>\n\t\t","protected":false},"excerpt":{"rendered":"<p>S\u0131k\u00e7a Sorulan Sorular Home ESPRESSO AMERICANO LATTE CAPPUCCINO MOCHA MACCHIATO COLD BREW [&hellip;]<\/p>\n","protected":false},"author":1,"featured_media":0,"parent":0,"menu_order":0,"comment_status":"closed","ping_status":"closed","template":"elementor_header_footer","meta":{"footnotes":""},"class_list":["post-6675","page","type-page","status-publish","hentry"],"_links":{"self":[{"href":"https:\/\/baffcoffee.com\/index.php\/wp-json\/wp\/v2\/pages\/6675","targetHints":{"allow":["GET"]}}],"collection":[{"href":"https:\/\/baffcoffee.com\/index.php\/wp-json\/wp\/v2\/pages"}],"about":[{"href":"https:\/\/baffcoffee.com\/index.php\/wp-json\/wp\/v2\/types\/page"}],"author":[{"embeddable":true,"href":"https:\/\/baffcoffee.com\/index.php\/wp-json\/wp\/v2\/users\/1"}],"replies":[{"embeddable":true,"href":"https:\/\/baffcoffee.com\/index.php\/wp-json\/wp\/v2\/comments?post=6675"}],"version-history":[{"count":5,"href":"https:\/\/baffcoffee.com\/index.php\/wp-json\/wp\/v2\/pages\/6675\/revisions"}],"predecessor-version":[{"id":11826,"href":"https:\/\/baffcoffee.com\/index.php\/wp-json\/wp\/v2\/pages\/6675\/revisions\/11826"}],"wp:attachment":[{"href":"https:\/\/baffcoffee.com\/index.php\/wp-json\/wp\/v2\/media?parent=6675"}],"curies":[{"name":"wp","href":"https:\/\/api.w.org\/{rel}","templated":true}]}}