{"id":11788,"date":"2025-12-17T12:21:06","date_gmt":"2025-12-17T12:21:06","guid":{"rendered":"https:\/\/baffcoffee.com\/?page_id=11788"},"modified":"2025-12-17T12:59:56","modified_gmt":"2025-12-17T12:59:56","slug":"insan-kaynaklari","status":"publish","type":"page","link":"https:\/\/baffcoffee.com\/index.php\/insan-kaynaklari\/","title":{"rendered":"\u0130K"},"content":{"rendered":"\t\t<div data-elementor-type=\"wp-page\" data-elementor-id=\"11788\" class=\"elementor elementor-11788\">\n\t\t\t\t<div data-ekitparallax=\"{&quot;ekit_section_parallax_bg&quot;:&quot;yes&quot;,&quot;ekit_section_parallax_bg_speed&quot;:0.5,&quot;elementor_lazy_load&quot;:&quot;1&quot;}\" class=\"elementor-element elementor-element-378db3bf e-flex e-con-boxed e-con e-parent\" data-id=\"378db3bf\" data-element_type=\"container\" data-settings=\"{&quot;background_background&quot;:&quot;classic&quot;}\">\n\t\t\t\t\t<div class=\"e-con-inner\">\n\t\t<div class=\"elementor-element elementor-element-58535f8a e-con-full e-flex e-con e-child\" data-id=\"58535f8a\" data-element_type=\"container\">\n\t\t\t\t<div class=\"elementor-element elementor-element-2fad1b22 at-heading-animation at-animation-heading-style-3 elementor-widget elementor-widget-heading\" data-id=\"2fad1b22\" data-element_type=\"widget\" data-settings=\"{&quot;ekit_we_effect_on&quot;:&quot;none&quot;}\" data-widget_type=\"heading.default\">\n\t\t\t\t<div class=\"elementor-widget-container\">\n\t\t\t\t\t<h1 class=\"elementor-heading-title elementor-size-default\">\u0130leti\u015fim<\/h1>\t\t\t\t<\/div>\n\t\t\t\t<\/div>\n\t\t\t\t<div class=\"elementor-element elementor-element-33daa1f6 page-header-breadcrumbs elementor-invisible elementor-widget elementor-widget-elementskit-breadcrumb\" data-id=\"33daa1f6\" data-element_type=\"widget\" data-settings=\"{&quot;_animation&quot;:&quot;fadeInUp&quot;,&quot;ekit_we_effect_on&quot;:&quot;none&quot;}\" data-widget_type=\"elementskit-breadcrumb.default\">\n\t\t\t\t<div class=\"elementor-widget-container\">\n\t\t\t\t\t<div class=\"ekit-wid-con\" ><ol class=\"ekit-breadcrumb\"><li class=\"ekit_breadcrumbs_start\"><a href=\"https:\/\/baffcoffee.com\">Home<\/a><\/li><\/ol><\/div>\t\t\t\t<\/div>\n\t\t\t\t<\/div>\n\t\t\t\t<\/div>\n\t\t\t\t\t<\/div>\n\t\t\t\t<\/div>\n\t\t<div class=\"elementor-element elementor-element-73624e1e e-con-full e-flex e-con e-parent\" data-id=\"73624e1e\" data-element_type=\"container\">\n\t\t<div class=\"elementor-element elementor-element-2ec7e814 e-con-full e-flex e-con e-child\" data-id=\"2ec7e814\" data-element_type=\"container\" data-settings=\"{&quot;background_background&quot;:&quot;classic&quot;}\">\n\t\t\t\t<div class=\"elementor-element elementor-element-1ccd26d6 our-scrolling-ticker  ticker-position-left elementor-widget elementor-widget-elementskit-content-ticker\" data-id=\"1ccd26d6\" data-element_type=\"widget\" data-settings=\"{&quot;ekit_we_effect_on&quot;:&quot;none&quot;}\" data-widget_type=\"elementskit-content-ticker.default\">\n\t\t\t\t<div class=\"elementor-widget-container\">\n\t\t\t\t\t<div class=\"ekit-wid-con\" >\n\t\t<div id=\"content-ticker-1ccd26d6\" class=\"ekit-content-ticker-wrapper\" data-content-settings=\"{&quot;type&quot;:&quot;content_ticker&quot;,&quot;settingOptions&quot;:{&quot;tickerSpeed&quot;:50,&quot;tickerDirection&quot;:null,&quot;tickerEffect&quot;:&quot;marquee&quot;,&quot;tickerAutoPlay&quot;:null,&quot;tickerDelay&quot;:3,&quot;tickerReverseDirection&quot;:&quot;&quot;,&quot;tickerGapBetween&quot;:&quot;&quot;,&quot;tickerGrabCursor&quot;:null}}\">\n\t\t\t<div class=\"ekit-content-items\">\n\t\t\t\t\t\t\t\t\t<div class=\"ticker ekitMarqueeSwiper ekit-marquee\">\n\t\t\t\t\t\t<div class=\"marquee-wrapper\">\n\t\t\t\t\t\t\t\t\t\t<div class=\"elementor-repeater-item-b523a08 ekit-marquee-item ticker-item\">\n\t\t\t\t<img decoding=\"async\" width=\"30\" height=\"30\" src=\"https:\/\/baffcoffee.com\/wp-content\/uploads\/2025\/01\/charm_north-star.png\" class=\"attachment-full size-full wp-image-373\" alt=\"\" \/> \n\t\t\t\t<div class=\"ekit-title-and-description\">\n\t\t\t\t\t<a >ESPRESSO<\/a>\n\t\t\t\t\t\t\t\t\t<\/div>\n\t\t\t<\/div>\n\t\t\t\t\t<div class=\"elementor-repeater-item-d467887 ekit-marquee-item ticker-item\">\n\t\t\t\t<img decoding=\"async\" width=\"30\" height=\"30\" src=\"https:\/\/baffcoffee.com\/wp-content\/uploads\/2025\/01\/charm_north-star.png\" class=\"attachment-full size-full wp-image-373\" alt=\"\" \/> \n\t\t\t\t<div class=\"ekit-title-and-description\">\n\t\t\t\t\t<a >AMERICANO<\/a>\n\t\t\t\t\t\t\t\t\t<\/div>\n\t\t\t<\/div>\n\t\t\t\t\t<div class=\"elementor-repeater-item-21e3bf8 ekit-marquee-item ticker-item\">\n\t\t\t\t<img decoding=\"async\" width=\"30\" height=\"30\" src=\"https:\/\/baffcoffee.com\/wp-content\/uploads\/2025\/01\/charm_north-star.png\" class=\"attachment-full size-full wp-image-373\" alt=\"\" \/> \n\t\t\t\t<div class=\"ekit-title-and-description\">\n\t\t\t\t\t<a >LATTE<\/a>\n\t\t\t\t\t\t\t\t\t<\/div>\n\t\t\t<\/div>\n\t\t\t\t\t<div class=\"elementor-repeater-item-dceeb85 ekit-marquee-item ticker-item\">\n\t\t\t\t<img decoding=\"async\" width=\"30\" height=\"30\" src=\"https:\/\/baffcoffee.com\/wp-content\/uploads\/2025\/01\/charm_north-star.png\" class=\"attachment-full size-full wp-image-373\" alt=\"\" \/> \n\t\t\t\t<div class=\"ekit-title-and-description\">\n\t\t\t\t\t<a >CAPPUCCINO<\/a>\n\t\t\t\t\t\t\t\t\t<\/div>\n\t\t\t<\/div>\n\t\t\t\t\t<div class=\"elementor-repeater-item-041ac3f ekit-marquee-item ticker-item\">\n\t\t\t\t<img decoding=\"async\" width=\"30\" height=\"30\" src=\"https:\/\/baffcoffee.com\/wp-content\/uploads\/2025\/01\/charm_north-star.png\" class=\"attachment-full size-full wp-image-373\" alt=\"\" \/> \n\t\t\t\t<div class=\"ekit-title-and-description\">\n\t\t\t\t\t<a >MOCHA<\/a>\n\t\t\t\t\t\t\t\t\t<\/div>\n\t\t\t<\/div>\n\t\t\t\t\t<div class=\"elementor-repeater-item-8e3676a ekit-marquee-item ticker-item\">\n\t\t\t\t<img decoding=\"async\" width=\"30\" height=\"30\" src=\"https:\/\/baffcoffee.com\/wp-content\/uploads\/2025\/01\/charm_north-star.png\" class=\"attachment-full size-full wp-image-373\" alt=\"\" \/> \n\t\t\t\t<div class=\"ekit-title-and-description\">\n\t\t\t\t\t<a >MACCHIATO<\/a>\n\t\t\t\t\t\t\t\t\t<\/div>\n\t\t\t<\/div>\n\t\t\t\t\t<div class=\"elementor-repeater-item-6e9bffc ekit-marquee-item ticker-item\">\n\t\t\t\t<img decoding=\"async\" width=\"30\" height=\"30\" src=\"https:\/\/baffcoffee.com\/wp-content\/uploads\/2025\/01\/charm_north-star.png\" class=\"attachment-full size-full wp-image-373\" alt=\"\" \/> \n\t\t\t\t<div class=\"ekit-title-and-description\">\n\t\t\t\t\t<a >COLD BREW<\/a>\n\t\t\t\t\t\t\t\t\t<\/div>\n\t\t\t<\/div>\n\t\t\t\t\t<div class=\"elementor-repeater-item-c89dd16 ekit-marquee-item ticker-item\">\n\t\t\t\t<img decoding=\"async\" width=\"30\" height=\"30\" src=\"https:\/\/baffcoffee.com\/wp-content\/uploads\/2025\/01\/charm_north-star.png\" class=\"attachment-full size-full wp-image-373\" alt=\"\" \/> \n\t\t\t\t<div class=\"ekit-title-and-description\">\n\t\t\t\t\t<a >ESPRESSO<\/a>\n\t\t\t\t\t\t\t\t\t<\/div>\n\t\t\t<\/div>\n\t\t\t\t\t<div class=\"elementor-repeater-item-3cbc970 ekit-marquee-item ticker-item\">\n\t\t\t\t<img decoding=\"async\" width=\"30\" height=\"30\" src=\"https:\/\/baffcoffee.com\/wp-content\/uploads\/2025\/01\/charm_north-star.png\" class=\"attachment-full size-full wp-image-373\" alt=\"\" \/> \n\t\t\t\t<div class=\"ekit-title-and-description\">\n\t\t\t\t\t<a >AMERICANO<\/a>\n\t\t\t\t\t\t\t\t\t<\/div>\n\t\t\t<\/div>\n\t\t\t\t\t<div class=\"elementor-repeater-item-a44376a ekit-marquee-item ticker-item\">\n\t\t\t\t<img decoding=\"async\" width=\"30\" height=\"30\" src=\"https:\/\/baffcoffee.com\/wp-content\/uploads\/2025\/01\/charm_north-star.png\" class=\"attachment-full size-full wp-image-373\" alt=\"\" \/> \n\t\t\t\t<div class=\"ekit-title-and-description\">\n\t\t\t\t\t<a >LATTE<\/a>\n\t\t\t\t\t\t\t\t\t<\/div>\n\t\t\t<\/div>\n\t\t\t\t\t<div class=\"elementor-repeater-item-cc68a6a ekit-marquee-item ticker-item\">\n\t\t\t\t<img decoding=\"async\" width=\"30\" height=\"30\" src=\"https:\/\/baffcoffee.com\/wp-content\/uploads\/2025\/01\/charm_north-star.png\" class=\"attachment-full size-full wp-image-373\" alt=\"\" \/> \n\t\t\t\t<div class=\"ekit-title-and-description\">\n\t\t\t\t\t<a >CAPPUCCINO<\/a>\n\t\t\t\t\t\t\t\t\t<\/div>\n\t\t\t<\/div>\n\t\t\t\t\t<div class=\"elementor-repeater-item-3513fab ekit-marquee-item ticker-item\">\n\t\t\t\t<img decoding=\"async\" width=\"30\" height=\"30\" src=\"https:\/\/baffcoffee.com\/wp-content\/uploads\/2025\/01\/charm_north-star.png\" class=\"attachment-full size-full wp-image-373\" alt=\"\" \/> \n\t\t\t\t<div class=\"ekit-title-and-description\">\n\t\t\t\t\t<a >MOCHA<\/a>\n\t\t\t\t\t\t\t\t\t<\/div>\n\t\t\t<\/div>\n\t\t\t\t\t<div class=\"elementor-repeater-item-93b5e2d ekit-marquee-item ticker-item\">\n\t\t\t\t<img decoding=\"async\" width=\"30\" height=\"30\" src=\"https:\/\/baffcoffee.com\/wp-content\/uploads\/2025\/01\/charm_north-star.png\" class=\"attachment-full size-full wp-image-373\" alt=\"\" \/> \n\t\t\t\t<div class=\"ekit-title-and-description\">\n\t\t\t\t\t<a >MACCHIATO<\/a>\n\t\t\t\t\t\t\t\t\t<\/div>\n\t\t\t<\/div>\n\t\t\t\t\t<div class=\"elementor-repeater-item-72f66da ekit-marquee-item ticker-item\">\n\t\t\t\t<img decoding=\"async\" width=\"30\" height=\"30\" src=\"https:\/\/baffcoffee.com\/wp-content\/uploads\/2025\/01\/charm_north-star.png\" class=\"attachment-full size-full wp-image-373\" alt=\"\" \/> \n\t\t\t\t<div class=\"ekit-title-and-description\">\n\t\t\t\t\t<a >COLD BREW<\/a>\n\t\t\t\t\t\t\t\t\t<\/div>\n\t\t\t<\/div>\n\t\t\t\t\t\t\t\t<\/div>\n\t\t\t\t\t<\/div>\n\t\t\t\t\t\t\t<\/div>\n\t\t<\/div>\n\t\t<\/div>\t\t\t\t<\/div>\n\t\t\t\t<\/div>\n\t\t\t\t<\/div>\n\t\t\t\t<\/div>\n\t\t<div class=\"elementor-element elementor-element-911f8d2 e-flex e-con-boxed e-con e-parent\" data-id=\"911f8d2\" data-element_type=\"container\">\n\t\t\t\t\t<div class=\"e-con-inner\">\n\t\t\t\t<div class=\"elementor-element elementor-element-6d3d59d at-heading-animation at-animation-heading-none elementor-widget elementor-widget-heading\" data-id=\"6d3d59d\" data-element_type=\"widget\" data-settings=\"{&quot;ekit_we_effect_on&quot;:&quot;none&quot;}\" data-widget_type=\"heading.default\">\n\t\t\t\t<div class=\"elementor-widget-container\">\n\t\t\t\t\t<h2 class=\"elementor-heading-title elementor-size-default\">BAFF Coffee ekibinin bir par\u00e7as\u0131 olmak i\u00e7in ba\u015fvurunuzu b\u0131rakabilirsiniz.\nUygun pozisyonlarda sizinle ileti\u015fime ge\u00e7ilecektir.<\/h2>\t\t\t\t<\/div>\n\t\t\t\t<\/div>\n\t\t\t\t\t<\/div>\n\t\t\t\t<\/div>\n\t\t<div class=\"elementor-element elementor-element-29ed09e e-flex e-con-boxed e-con e-parent\" data-id=\"29ed09e\" data-element_type=\"container\">\n\t\t\t\t\t<div class=\"e-con-inner\">\n\t\t\t\t\t<\/div>\n\t\t\t\t<\/div>\n\t\t<div class=\"elementor-element elementor-element-bd8b0d8 e-flex e-con-boxed e-con e-parent\" data-id=\"bd8b0d8\" data-element_type=\"container\">\n\t\t\t\t\t<div class=\"e-con-inner\">\n\t\t\t\t<div class=\"elementor-element elementor-element-90ff946 elementor-widget elementor-widget-elementskit-contact-form7\" data-id=\"90ff946\" data-element_type=\"widget\" data-settings=\"{&quot;ekit_we_effect_on&quot;:&quot;none&quot;}\" data-widget_type=\"elementskit-contact-form7.default\">\n\t\t\t\t<div class=\"elementor-widget-container\">\n\t\t\t\t\t<div class=\"ekit-wid-con\" ><div class=\"ekit-form\">\n<div class=\"wpcf7 no-js\" id=\"wpcf7-f11795-o1\" lang=\"tr-TR\" dir=\"ltr\" data-wpcf7-id=\"11795\">\n<div class=\"screen-reader-response\"><p role=\"status\" aria-live=\"polite\" aria-atomic=\"true\"><\/p> <ul><\/ul><\/div>\n<form action=\"\/index.php\/wp-json\/wp\/v2\/pages\/11788#wpcf7-f11795-o1\" method=\"post\" class=\"wpcf7-form init\" aria-label=\"\u0130leti\u015fim Formu\" enctype=\"multipart\/form-data\" novalidate=\"novalidate\" data-status=\"init\">\n<fieldset class=\"hidden-fields-container\"><input type=\"hidden\" name=\"_wpcf7\" value=\"11795\" \/><input type=\"hidden\" name=\"_wpcf7_version\" value=\"6.1.4\" \/><input type=\"hidden\" name=\"_wpcf7_locale\" value=\"tr_TR\" \/><input type=\"hidden\" name=\"_wpcf7_unit_tag\" value=\"wpcf7-f11795-o1\" \/><input type=\"hidden\" name=\"_wpcf7_container_post\" value=\"0\" \/><input type=\"hidden\" name=\"_wpcf7_posted_data_hash\" value=\"\" \/>\n<\/fieldset>\n<div class=\"row\">\n\n <!-- Ad Soyad -->\n\t<div class=\"form-group col-md-6 mb-5\">\n\t\t<p><span class=\"wpcf7-form-control-wrap\" data-name=\"full-name\"><input size=\"40\" maxlength=\"400\" class=\"wpcf7-form-control wpcf7-text wpcf7-validates-as-required form-control\" aria-required=\"true\" aria-invalid=\"false\" placeholder=\"Ad Soyad\" value=\"\" type=\"text\" name=\"full-name\" \/><\/span>\n\t\t<\/p>\n\t<\/div>\n\n <!-- Do\u011fum Tarihi -->\n\t<div class=\"form-group col-md-6 mb-5\">\n\t\t<p><span class=\"wpcf7-form-control-wrap\" data-name=\"birth-date\"><input class=\"wpcf7-form-control wpcf7-date wpcf7-validates-as-required wpcf7-validates-as-date form-control\" aria-required=\"true\" aria-invalid=\"false\" placeholder=\"Do\u011fum Tarihiniz (gg.aa.yyyy)\" value=\"\" type=\"date\" name=\"birth-date\" \/><\/span>\n\t\t<\/p>\n\t<\/div>\n\n <!-- Ya\u015fan\u0131lan \u015eehir -->\n\t<div class=\"form-group col-md-6 mb-5\">\n\t\t<p><span class=\"wpcf7-form-control-wrap\" data-name=\"city\"><input size=\"40\" maxlength=\"400\" class=\"wpcf7-form-control wpcf7-text form-control\" aria-invalid=\"false\" placeholder=\"Ya\u015fan\u0131lan \u015eehir\" value=\"\" type=\"text\" name=\"city\" \/><\/span>\n\t\t<\/p>\n\t<\/div>\n\n <!-- Oturulan Semt -->\n\t<div class=\"form-group col-md-6 mb-5\">\n\t\t<p><span class=\"wpcf7-form-control-wrap\" data-name=\"district\"><input size=\"40\" maxlength=\"400\" class=\"wpcf7-form-control wpcf7-text form-control\" aria-invalid=\"false\" placeholder=\"Oturulan Semt\" value=\"\" type=\"text\" name=\"district\" \/><\/span>\n\t\t<\/p>\n\t<\/div>\n\n <!-- Ev Telefonu -->\n\t<div class=\"form-group col-md-6 mb-5\">\n\t\t<p><span class=\"wpcf7-form-control-wrap\" data-name=\"home-phone\"><input size=\"40\" maxlength=\"400\" class=\"wpcf7-form-control wpcf7-tel wpcf7-text wpcf7-validates-as-tel form-control\" aria-invalid=\"false\" placeholder=\"Ev Telefonu\" value=\"\" type=\"tel\" name=\"home-phone\" \/><\/span>\n\t\t<\/p>\n\t<\/div>\n\n <!-- Cep Telefonu -->\n\t<div class=\"form-group col-md-6 mb-5\">\n\t\t<p><span class=\"wpcf7-form-control-wrap\" data-name=\"phone\"><input size=\"40\" maxlength=\"400\" class=\"wpcf7-form-control wpcf7-tel wpcf7-validates-as-required wpcf7-text wpcf7-validates-as-tel form-control\" aria-required=\"true\" aria-invalid=\"false\" placeholder=\"Cep Telefonu\" value=\"\" type=\"tel\" name=\"phone\" \/><\/span>\n\t\t<\/p>\n\t<\/div>\n\n <!-- E\u2011posta Adresi -->\n\t<div class=\"form-group col-md-6 mb-5\">\n\t\t<p><span class=\"wpcf7-form-control-wrap\" data-name=\"email\"><input size=\"40\" maxlength=\"400\" class=\"wpcf7-form-control wpcf7-email wpcf7-validates-as-required wpcf7-text wpcf7-validates-as-email form-control\" aria-required=\"true\" aria-invalid=\"false\" placeholder=\"E\u2011posta Adresi\" value=\"\" type=\"email\" name=\"email\" \/><\/span>\n\t\t<\/p>\n\t<\/div>\n\n <!-- Askerlik Durumu -->\n\t<div class=\"form-group col-md-12 mb-5\">\n\t\t<p>Askerlik\u00a0Durumu\n\t\t<\/p>\n\t\t<p><span class=\"wpcf7-form-control-wrap\" data-name=\"military-status\"><span class=\"wpcf7-form-control wpcf7-radio\"><span class=\"wpcf7-list-item first\"><label><input type=\"radio\" name=\"military-status\" value=\"Tecilli\" \/><span class=\"wpcf7-list-item-label\">Tecilli<\/span><\/label><\/span><span class=\"wpcf7-list-item\"><label><input type=\"radio\" name=\"military-status\" value=\"Yap\u0131ld\u0131\" \/><span class=\"wpcf7-list-item-label\">Yap\u0131ld\u0131<\/span><\/label><\/span><span class=\"wpcf7-list-item last\"><label><input type=\"radio\" name=\"military-status\" value=\"Muaf\" \/><span class=\"wpcf7-list-item-label\">Muaf<\/span><\/label><\/span><\/span><\/span>\n\t\t<\/p>\n\t<\/div>\n\n <!-- Son Mezun Oldu\u011funuz Okul \/ B\u00f6l\u00fcm -->\n\t<div class=\"form-group col-md-12 mb-5\">\n\t\t<p><span class=\"wpcf7-form-control-wrap\" data-name=\"last-school\"><input size=\"40\" maxlength=\"400\" class=\"wpcf7-form-control wpcf7-text form-control\" aria-invalid=\"false\" placeholder=\"Son Mezun Oldu\u011funuz Okul \/ B\u00f6l\u00fcm\" value=\"\" type=\"text\" name=\"last-school\" \/><\/span>\n\t\t<\/p>\n\t<\/div>\n\n <!-- E\u011fitim Durumu -->\n\t<div class=\"form-group col-md-12 mb-5\">\n\t\t<p><span class=\"wpcf7-form-control-wrap\" data-name=\"education-level\"><select class=\"wpcf7-form-control wpcf7-select form-control\" aria-invalid=\"false\" name=\"education-level\"><option value=\"\">L\u00fctfen Se\u00e7iniz<\/option><option value=\"\u0130lk\u00f6\u011fretim\">\u0130lk\u00f6\u011fretim<\/option><option value=\"Lise\">Lise<\/option><option value=\"\u00d6n Lisans\">\u00d6n Lisans<\/option><option value=\"Lisans\">Lisans<\/option><option value=\"Y\u00fcksek Lisans\">Y\u00fcksek Lisans<\/option><option value=\"Doktora\">Doktora<\/option><\/select><\/span>\n\t\t<\/p>\n\t<\/div>\n\n <!-- Devam Edilen Okul -->\n\t<div class=\"form-group col-md-12 mb-5\">\n\t\t<p><span class=\"wpcf7-form-control-wrap\" data-name=\"current-school\"><input size=\"40\" maxlength=\"400\" class=\"wpcf7-form-control wpcf7-text form-control\" aria-invalid=\"false\" placeholder=\"Devam Edilen Okul\" value=\"\" type=\"text\" name=\"current-school\" \/><\/span>\n\t\t<\/p>\n\t<\/div>\n\n <!-- Tecr\u00fcbe Y\u0131l\u0131 -->\n\t<div class=\"form-group col-md-12 mb-5\">\n\t\t<p><span class=\"wpcf7-form-control-wrap\" data-name=\"experience-years\"><input class=\"wpcf7-form-control wpcf7-number wpcf7-validates-as-number form-control\" aria-invalid=\"false\" placeholder=\"Tecr\u00fcbe Y\u0131l\u0131\" value=\"\" type=\"number\" name=\"experience-years\" \/><\/span>\n\t\t<\/p>\n\t<\/div>\n\n <!-- Daha \u00d6nce \u00c7al\u0131\u015f\u0131lan Yerler -->\n\t<div class=\"form-group col-md-12 mb-5\">\n\t\t<p><span class=\"wpcf7-form-control-wrap\" data-name=\"previous-jobs\"><textarea cols=\"40\" rows=\"10\" maxlength=\"2000\" class=\"wpcf7-form-control wpcf7-textarea form-control\" aria-invalid=\"false\" placeholder=\"Daha \u00d6nce \u00c7al\u0131\u015f\u0131lan Yerler\" name=\"previous-jobs\"><\/textarea><\/span>\n\t\t<\/p>\n\t<\/div>\n\n <!-- \u00c7al\u0131\u015fma Tercihi -->\n\t<div class=\"form-group col-md-12 mb-5\">\n\t\t<p>\u00c7al\u0131\u015fma\u00a0Tercihi\n\t\t<\/p>\n\t\t<p><span class=\"wpcf7-form-control-wrap\" data-name=\"work-type\"><span class=\"wpcf7-form-control wpcf7-checkbox\"><span class=\"wpcf7-list-item first\"><label><input type=\"checkbox\" name=\"work-type[]\" value=\"Tam Zamanl\u0131\" \/><span class=\"wpcf7-list-item-label\">Tam Zamanl\u0131<\/span><\/label><\/span><span class=\"wpcf7-list-item\"><label><input type=\"checkbox\" name=\"work-type[]\" value=\"Yar\u0131 Zamanl\u0131\" \/><span class=\"wpcf7-list-item-label\">Yar\u0131 Zamanl\u0131<\/span><\/label><\/span><span class=\"wpcf7-list-item last\"><label><input type=\"checkbox\" name=\"work-type[]\" value=\"D\u00f6nemsel\" \/><span class=\"wpcf7-list-item-label\">D\u00f6nemsel<\/span><\/label><\/span><\/span><\/span>\n\t\t<\/p>\n\t<\/div>\n\n <!-- Pozisyon Se\u00e7imi -->\n\t<div class=\"form-group col-md-12 mb-5\">\n\t\t<p><span class=\"wpcf7-form-control-wrap\" data-name=\"position\"><select class=\"wpcf7-form-control wpcf7-select wpcf7-validates-as-required form-control\" aria-required=\"true\" aria-invalid=\"false\" name=\"position\"><option value=\"\">Pozisyon Se\u00e7iniz<\/option><option value=\"Barista\">Barista<\/option><option value=\"Part Time Barista\">Part Time Barista<\/option><option value=\"Vardiya S\u00fcperviz\u00f6r\u00fc\">Vardiya S\u00fcperviz\u00f6r\u00fc<\/option><option value=\"Ma\u011faza M\u00fcd\u00fcr Yard\u0131mc\u0131s\u0131\">Ma\u011faza M\u00fcd\u00fcr Yard\u0131mc\u0131s\u0131<\/option><option value=\"Ma\u011faza M\u00fcd\u00fcr\u00fc\">Ma\u011faza M\u00fcd\u00fcr\u00fc<\/option><option value=\"Di\u011fer\">Di\u011fer<\/option><\/select><\/span>\n\t\t<\/p>\n\t<\/div>\n\n <!-- K\u0131sa Tan\u0131t\u0131m (mesaj) -->\n\t<div class=\"form-group col-md-12 mb-5\">\n\t\t<p><span class=\"wpcf7-form-control-wrap\" data-name=\"message\"><textarea cols=\"40\" rows=\"10\" maxlength=\"2000\" class=\"wpcf7-form-control wpcf7-textarea form-control\" aria-invalid=\"false\" placeholder=\"Kendinizden k\u0131saca bahsedin\" name=\"message\"><\/textarea><\/span>\n\t\t<\/p>\n\t<\/div>\n\n <!-- Referans 1 -->\n\t<div class=\"form-group col-md-12 mb-5\">\n\t\t<h5>Referans\u00a01\n\t\t<\/h5>\n\t\t<p><span class=\"wpcf7-form-control-wrap\" data-name=\"ref1-name\"><input size=\"40\" maxlength=\"400\" class=\"wpcf7-form-control wpcf7-text form-control\" aria-invalid=\"false\" placeholder=\"Ad Soyad\" value=\"\" type=\"text\" name=\"ref1-name\" \/><\/span><br \/>\n<span class=\"wpcf7-form-control-wrap\" data-name=\"ref1-company\"><input size=\"40\" maxlength=\"400\" class=\"wpcf7-form-control wpcf7-text form-control\" aria-invalid=\"false\" placeholder=\"Firma Ad\u0131\" value=\"\" type=\"text\" name=\"ref1-company\" \/><\/span><br \/>\n<span class=\"wpcf7-form-control-wrap\" data-name=\"ref1-phone\"><input size=\"40\" maxlength=\"400\" class=\"wpcf7-form-control wpcf7-tel wpcf7-text wpcf7-validates-as-tel form-control\" aria-invalid=\"false\" placeholder=\"Cep Telefonu\" value=\"\" type=\"tel\" name=\"ref1-phone\" \/><\/span>\n\t\t<\/p>\n\t<\/div>\n\n <!-- Referans 2 -->\n\t<div class=\"form-group col-md-12 mb-5\">\n\t\t<h5>Referans\u00a02\n\t\t<\/h5>\n\t\t<p><span class=\"wpcf7-form-control-wrap\" data-name=\"ref2-name\"><input size=\"40\" maxlength=\"400\" class=\"wpcf7-form-control wpcf7-text form-control\" aria-invalid=\"false\" placeholder=\"Ad Soyad\" value=\"\" type=\"text\" name=\"ref2-name\" \/><\/span><br \/>\n<span class=\"wpcf7-form-control-wrap\" data-name=\"ref2-company\"><input size=\"40\" maxlength=\"400\" class=\"wpcf7-form-control wpcf7-text form-control\" aria-invalid=\"false\" placeholder=\"Firma Ad\u0131\" value=\"\" type=\"text\" name=\"ref2-company\" \/><\/span><br \/>\n<span class=\"wpcf7-form-control-wrap\" data-name=\"ref2-phone\"><input size=\"40\" maxlength=\"400\" class=\"wpcf7-form-control wpcf7-tel wpcf7-text wpcf7-validates-as-tel form-control\" aria-invalid=\"false\" placeholder=\"Cep Telefonu\" value=\"\" type=\"tel\" name=\"ref2-phone\" \/><\/span>\n\t\t<\/p>\n\t<\/div>\n\n <!-- CV y\u00fckleme -->\n\t<div class=\"form-group col-md-12 mb-5\">\n\t\t<p><span class=\"wpcf7-form-control-wrap\" data-name=\"cv\"><input size=\"40\" class=\"wpcf7-form-control wpcf7-file form-control\" accept=\".pdf,.doc,.docx\" aria-invalid=\"false\" type=\"file\" name=\"cv\" \/><\/span>\n\t\t<\/p>\n\t<\/div>\n\n <!-- Form g\u00f6nderim butonu -->\n\t<div class=\"col-md-12 form-btn\">\n\t\t<p><input class=\"wpcf7-form-control wpcf7-submit has-spinner btn-default\" type=\"submit\" value=\"Ba\u015fvuruyu G\u00f6nder\" \/>\n\t\t<\/p>\n\t<\/div>\n<\/div><div class=\"wpcf7-response-output\" aria-hidden=\"true\"><\/div>\n<\/form>\n<\/div>\n<\/div><\/div>\t\t\t\t<\/div>\n\t\t\t\t<\/div>\n\t\t\t\t\t<\/div>\n\t\t\t\t<\/div>\n\t\t\t\t<\/div>\n\t\t","protected":false},"excerpt":{"rendered":"<p>\u0130leti\u015fim Home ESPRESSO AMERICANO LATTE CAPPUCCINO MOCHA MACCHIATO COLD BREW ESPRESSO AMERICANO [&hellip;]<\/p>\n","protected":false},"author":1,"featured_media":0,"parent":0,"menu_order":0,"comment_status":"closed","ping_status":"closed","template":"elementor_header_footer","meta":{"footnotes":""},"class_list":["post-11788","page","type-page","status-publish","hentry"],"_links":{"self":[{"href":"https:\/\/baffcoffee.com\/index.php\/wp-json\/wp\/v2\/pages\/11788","targetHints":{"allow":["GET"]}}],"collection":[{"href":"https:\/\/baffcoffee.com\/index.php\/wp-json\/wp\/v2\/pages"}],"about":[{"href":"https:\/\/baffcoffee.com\/index.php\/wp-json\/wp\/v2\/types\/page"}],"author":[{"embeddable":true,"href":"https:\/\/baffcoffee.com\/index.php\/wp-json\/wp\/v2\/users\/1"}],"replies":[{"embeddable":true,"href":"https:\/\/baffcoffee.com\/index.php\/wp-json\/wp\/v2\/comments?post=11788"}],"version-history":[{"count":14,"href":"https:\/\/baffcoffee.com\/index.php\/wp-json\/wp\/v2\/pages\/11788\/revisions"}],"predecessor-version":[{"id":11807,"href":"https:\/\/baffcoffee.com\/index.php\/wp-json\/wp\/v2\/pages\/11788\/revisions\/11807"}],"wp:attachment":[{"href":"https:\/\/baffcoffee.com\/index.php\/wp-json\/wp\/v2\/media?parent=11788"}],"curies":[{"name":"wp","href":"https:\/\/api.w.org\/{rel}","templated":true}]}}